{"id":3379,"date":"2026-02-25T16:18:36","date_gmt":"2026-02-25T21:18:36","guid":{"rendered":"https:\/\/grupotransmeridian.com\/?page_id=3379"},"modified":"2026-03-02T11:29:54","modified_gmt":"2026-03-02T16:29:54","slug":"comunicados","status":"publish","type":"page","link":"https:\/\/grupotransmeridian.com\/en\/comunicados\/","title":{"rendered":"Comunicados"},"content":{"rendered":"<div data-elementor-type=\"wp-page\" data-elementor-id=\"3379\" class=\"elementor elementor-3379\" data-elementor-post-type=\"page\">\n\t\t\t\t<div class=\"elementor-element elementor-element-9734dd2 e-flex e-con-boxed e-con e-parent\" data-id=\"9734dd2\" data-element_type=\"container\" data-e-type=\"container\" data-settings=\"{&quot;background_background&quot;:&quot;classic&quot;}\">\n\t\t\t\t\t<div class=\"e-con-inner\">\n\t\t\t\t<div class=\"elementor-element elementor-element-0b634ee elementor-widget elementor-widget-heading\" data-id=\"0b634ee\" data-element_type=\"widget\" data-e-type=\"widget\" data-widget_type=\"heading.default\">\n\t\t\t\t\t<h1 class=\"elementor-heading-title elementor-size-default\">Comunicados<\/h1>\t\t\t\t<\/div>\n\t\t<div class=\"elementor-element elementor-element-cc66dca e-con-full e-flex e-con e-child\" data-id=\"cc66dca\" data-element_type=\"container\" data-e-type=\"container\">\n\t\t\t\t<div class=\"elementor-element elementor-element-9fbcd1c elementor-widget elementor-widget-text-editor\" data-id=\"9fbcd1c\" data-element_type=\"widget\" data-e-type=\"widget\" data-widget_type=\"text-editor.default\">\n\t\t\t\t\t\t\t\t\t<p data-start=\"345\" data-end=\"874\">En esta secci\u00f3n encontrar\u00e1s los comunicados oficiales de Grupo Transmeridian, donde publicamos informaci\u00f3n relevante sobre nuestras operaciones log\u00edsticas, disposiciones normativas, actualizaciones de servicio y anuncios institucionales. Nuestro objetivo es brindar informaci\u00f3n clara y oportuna a clientes, aliados estrat\u00e9gicos y actores del comercio exterior que requieren mantenerse actualizados para una correcta planificaci\u00f3n operativa.\u00a0<\/p>\t\t\t\t\t\t\t\t<\/div>\n\t\t\t\t<\/div>\n\t\t\t\t\t<\/div>\n\t\t\t\t<\/div>\n\t\t<div class=\"elementor-element elementor-element-b8eb243 e-flex e-con-boxed e-con e-parent\" data-id=\"b8eb243\" data-element_type=\"container\" data-e-type=\"container\">\n\t\t\t\t\t<div class=\"e-con-inner\">\n\t\t\t\t<div class=\"elementor-element elementor-element-f9cb6a7 elementor-widget elementor-widget-html\" data-id=\"f9cb6a7\" data-element_type=\"widget\" data-e-type=\"widget\" data-widget_type=\"html.default\">\n\t\t\t\t\t<table>\r\n    <thead>\r\n        <tr>\r\n            <th>Comunicado<\/th>\r\n            <th>Fecha<\/th>\r\n            <th>Descarga <\/th>\r\n        <\/tr>\r\n    <\/thead>\r\n    <tbody>\r\n        <tr>\r\n            <td>  <\/td>\r\n            <td> <\/td>\r\n            <td><a href=\"#\" class=\"download-link\">  <\/a><\/td>\r\n        <\/tr>\r\n        <tr>\r\n            <td>  <\/td>\r\n            <td> <\/td>\r\n            <td><a href=\"#\" class=\"download-link\">   <\/a><\/td>\r\n        <\/tr>\r\n    <\/tbody>\r\n<\/table>\t\t\t\t<\/div>\n\t\t\t\t<div class=\"elementor-element elementor-element-1a54743 elementor-hidden-desktop elementor-hidden-laptop elementor-hidden-tablet elementor-hidden-mobile elementor-widget elementor-widget-html\" data-id=\"1a54743\" data-element_type=\"widget\" data-e-type=\"widget\" data-widget_type=\"html.default\">\n\t\t\t\t\t<!DOCTYPE html>\r\n<html lang=\"es\">\r\n<head>\r\n    <meta charset=\"UTF-8\">\r\n    <meta name=\"viewport\" content=\"width=device-width, initial-scale=1.0\">\r\n    <title>Comunicados<\/title>\r\n    <style>\r\n        body {\r\n            font-family: Arial, sans-serif;\r\n            background-color: #f0f0f0;\r\n            margin: 0;\r\n            padding: 0;\r\n        }\r\n\r\n        table {\r\n            width: 100%;\r\n            margin: 20px 0;\r\n            border-collapse: collapse;\r\n        }\r\n\r\n        th, td {\r\n            padding: 12px;\r\n            text-align: left;\r\n            border: 1px solid #ddd;\r\n        }\r\n\r\n        th {\r\n            background-color: #003AD7; \/* Color solicitado solo para el encabezado *\/\r\n            color: white;\r\n        }\r\n\r\n        tr:nth-child(even) {\r\n            background-color: #f2f2f2;\r\n        }\r\n\r\n        .download-link {\r\n            color: #003AD7; \/* Color de los enlaces de descarga *\/\r\n            text-decoration: none;\r\n        }\r\n\r\n        .download-link:hover {\r\n            text-decoration: underline;\r\n        }\r\n    <\/style>\r\n<\/head>\r\n<body>\r\n\r\n    <table>\r\n        <thead>\r\n            <tr>\r\n                <th>Comunicado<\/th>\r\n                <th>Fecha<\/th>\r\n                <th>Descarga<\/th>\r\n            <\/tr>\r\n        <\/thead>\r\n        <tbody>\r\n            <tr>\r\n                <td>Comunicado Ejemplo 1<\/td>\r\n                <td>27\/02\/2026<\/td>\r\n                <td><a href=\"#\" class=\"download-link\">Descargar<\/a><\/td>\r\n            <\/tr>\r\n            <tr>\r\n                <td>Comunicado Ejemplo 2<\/td>\r\n                <td>28\/02\/2026<\/td>\r\n                <td><a href=\"#\" class=\"download-link\">Descargar<\/a><\/td>\r\n            <\/tr>\r\n        <\/tbody>\r\n    <\/table>\r\n\r\n<\/body>\r\n<\/html>\t\t\t\t<\/div>\n\t\t\t\t\t<\/div>\n\t\t\t\t<\/div>\n\t\t<div class=\"elementor-element elementor-element-7a8604c grupo e-flex e-con-boxed e-con e-parent\" data-id=\"7a8604c\" data-element_type=\"container\" data-e-type=\"container\" data-settings=\"{&quot;background_background&quot;:&quot;classic&quot;}\">\n\t\t\t\t\t<div class=\"e-con-inner\">\n\t\t<div class=\"elementor-element elementor-element-ed200d7 e-con-full e-flex e-con e-child\" data-id=\"ed200d7\" data-element_type=\"container\" data-e-type=\"container\">\n\t\t\t\t<div class=\"elementor-element elementor-element-c5d7dfa elementor-widget elementor-widget-heading\" data-id=\"c5d7dfa\" data-element_type=\"widget\" data-e-type=\"widget\" data-widget_type=\"heading.default\">\n\t\t\t\t\t<h2 class=\"elementor-heading-title elementor-size-default\">Tu aliado para avisos preventivos<\/h2>\t\t\t\t<\/div>\n\t\t\t\t<div class=\"elementor-element elementor-element-10777c7 elementor-widget elementor-widget-text-editor\" data-id=\"10777c7\" data-element_type=\"widget\" data-e-type=\"widget\" data-widget_type=\"text-editor.default\">\n\t\t\t\t\t\t\t\t\t<p>Nos dedicamos a facilitar el camino hacia la consecuci\u00f3n de tus objetivos comerciales mediante soluciones log\u00edsticas integrales y estrat\u00e9gicas.<\/p><p>Nuestro compromiso es brindarte transparencia, seguridad y eficiencia en cada etapa de la cadena de suministro, asegurando un manejo adecuado de tu carga desde el origen hasta el destino.<\/p>\t\t\t\t\t\t\t\t<\/div>\n\t\t\t\t<div class=\"elementor-element elementor-element-682b23f elementor-tablet-align-justify elementor-mobile-align-justify elementor-widget-mobile__width-inherit btn-variante elementor-widget elementor-widget-button\" data-id=\"682b23f\" data-element_type=\"widget\" data-e-type=\"widget\" data-widget_type=\"button.default\">\n\t\t\t\t\t\t\t\t\t\t<a class=\"elementor-button elementor-button-link elementor-size-sm\" href=\"https:\/\/grupotransmeridian.com\/en\/contactanos\/\" target=\"_blank\">\n\t\t\t\t\t\t<span class=\"elementor-button-content-wrapper\">\n\t\t\t\t\t\t\t\t\t<span class=\"elementor-button-text\">Contacta con un asesor<\/span>\n\t\t\t\t\t<\/span>\n\t\t\t\t\t<\/a>\n\t\t\t\t\t\t\t\t<\/div>\n\t\t\t\t<\/div>\n\t\t<div class=\"elementor-element elementor-element-362aae6 e-con-full e-flex e-con e-child\" data-id=\"362aae6\" data-element_type=\"container\" data-e-type=\"container\">\n\t\t<div class=\"elementor-element elementor-element-8c25956 e-con-full e-flex e-con e-child\" data-id=\"8c25956\" data-element_type=\"container\" data-e-type=\"container\">\n\t\t\t\t<div class=\"elementor-element elementor-element-39adcbe elementor-widget elementor-widget-heading\" data-id=\"39adcbe\" data-element_type=\"widget\" data-e-type=\"widget\" data-widget_type=\"heading.default\">\n\t\t\t\t\t<h2 class=\"elementor-heading-title elementor-size-default\">Actualizaciones operativas<\/h2>\t\t\t\t<\/div>\n\t\t\t\t<\/div>\n\t\t<div class=\"elementor-element elementor-element-c5b5c14 e-con-full e-flex e-con e-child\" data-id=\"c5b5c14\" data-element_type=\"container\" data-e-type=\"container\">\n\t\t\t\t<div class=\"elementor-element elementor-element-fdd34d1 elementor-widget elementor-widget-text-editor\" data-id=\"fdd34d1\" data-element_type=\"widget\" data-e-type=\"widget\" data-widget_type=\"text-editor.default\">\n\t\t\t\t\t\t\t\t\t<p>Brindamos orientaci\u00f3n pr\u00e1ctica para que las empresas puedan anticiparse y minimizar contingencias.<\/p>\t\t\t\t\t\t\t\t<\/div>\n\t\t\t\t<\/div>\n\t\t<div class=\"elementor-element elementor-element-6dc46b8 e-con-full e-flex e-con e-child\" data-id=\"6dc46b8\" data-element_type=\"container\" data-e-type=\"container\">\n\t\t\t\t<div class=\"elementor-element elementor-element-d30b313 elementor-widget elementor-widget-image\" data-id=\"d30b313\" data-element_type=\"widget\" data-e-type=\"widget\" data-widget_type=\"image.default\">\n\t\t\t\t\t\t\t\t\t\t\t\t\t\t\t<img fetchpriority=\"high\" decoding=\"async\" width=\"600\" height=\"327\" src=\"https:\/\/grupotransmeridian.com\/wp-content\/uploads\/2026\/02\/comunicados-de-logistica.webp\" class=\"attachment-large size-large wp-image-3390\" alt=\"Comunicados de log\u00edstica\" srcset=\"https:\/\/grupotransmeridian.com\/wp-content\/uploads\/2026\/02\/comunicados-de-logistica.webp 600w, https:\/\/grupotransmeridian.com\/wp-content\/uploads\/2026\/02\/comunicados-de-logistica-300x164.webp 300w, https:\/\/grupotransmeridian.com\/wp-content\/uploads\/2026\/02\/comunicados-de-logistica-18x10.webp 18w\" sizes=\"(max-width: 600px) 100vw, 600px\" \/>\t\t\t\t\t\t\t\t\t\t\t\t\t\t\t<\/div>\n\t\t\t\t<\/div>\n\t\t\t\t<\/div>\n\t\t\t\t\t<\/div>\n\t\t\t\t<\/div>\n\t\t\t\t<\/div>","protected":false},"excerpt":{"rendered":"<p>Comunicados En esta secci\u00f3n encontrar\u00e1s los comunicados oficiales de Grupo Transmeridian, donde publicamos informaci\u00f3n relevante sobre nuestras operaciones log\u00edsticas, disposiciones normativas, actualizaciones de servicio y anuncios institucionales. Nuestro objetivo es brindar informaci\u00f3n clara y oportuna a clientes, aliados estrat\u00e9gicos y actores del comercio exterior que requieren mantenerse actualizados para una correcta planificaci\u00f3n operativa.\u00a0 Comunicado Fecha [&hellip;]<\/p>\n","protected":false},"author":3,"featured_media":0,"parent":0,"menu_order":0,"comment_status":"closed","ping_status":"closed","template":"","meta":{"footnotes":""},"class_list":["post-3379","page","type-page","status-publish","hentry"],"blocksy_meta":[],"_links":{"self":[{"href":"https:\/\/grupotransmeridian.com\/en\/wp-json\/wp\/v2\/pages\/3379","targetHints":{"allow":["GET"]}}],"collection":[{"href":"https:\/\/grupotransmeridian.com\/en\/wp-json\/wp\/v2\/pages"}],"about":[{"href":"https:\/\/grupotransmeridian.com\/en\/wp-json\/wp\/v2\/types\/page"}],"author":[{"embeddable":true,"href":"https:\/\/grupotransmeridian.com\/en\/wp-json\/wp\/v2\/users\/3"}],"replies":[{"embeddable":true,"href":"https:\/\/grupotransmeridian.com\/en\/wp-json\/wp\/v2\/comments?post=3379"}],"version-history":[{"count":28,"href":"https:\/\/grupotransmeridian.com\/en\/wp-json\/wp\/v2\/pages\/3379\/revisions"}],"predecessor-version":[{"id":3420,"href":"https:\/\/grupotransmeridian.com\/en\/wp-json\/wp\/v2\/pages\/3379\/revisions\/3420"}],"wp:attachment":[{"href":"https:\/\/grupotransmeridian.com\/en\/wp-json\/wp\/v2\/media?parent=3379"}],"curies":[{"name":"wp","href":"https:\/\/api.w.org\/{rel}","templated":true}]}}